{"id":3817,"date":"2025-09-12T00:08:25","date_gmt":"2025-09-12T00:08:25","guid":{"rendered":"https:\/\/iconicascoleccion.com\/?post_type=product&#038;p=3817"},"modified":"2025-09-25T16:10:20","modified_gmt":"2025-09-25T16:10:20","slug":"lengueta-agua-marina-base-alta","status":"publish","type":"product","link":"https:\/\/iconicascoleccion.com\/?product=lengueta-agua-marina-base-alta","title":{"rendered":"Leng\u00fceta Agua marina, Base alta"},"content":{"rendered":"<h6>Sandalia de tac\u00f3n alto:<\/h6>\n<p>Tac\u00f3n de 7.5 cm de altura y plataforma de 2cm, base de tac\u00f3n: 3.5 x 3.5cm<\/p>\n<h6>Leng\u00fceta:<\/h6>\n<p>Leng\u00fceta de dise\u00f1o moderno en autentica piel de Ubrique, de vacuno de alta calidad<br \/>\ncon acabado liso y muy suave al tacto.<br \/>\nSe trata de un agua marina, ideal para poder combinar con m\u00faltiples colores.<br \/>\nPresenta la leng\u00fceta, un patr\u00f3n de corte org\u00e1nico que aportan estilo y se adaptan<br \/>\nperfectamente a la cara frontal de tu pie, aportando una excelente comodidad.<br \/>\nNo tendr\u00e1s irritaci\u00f3n, ni te provocar\u00e1n heridas. Es suave y adaptable a tus pies.<\/p>\n<p>&nbsp;<\/p>\n","protected":false},"excerpt":{"rendered":"<p>Sandalia de tac\u00f3n alto: Tac\u00f3n de 7.5 cm de altura y plataforma de 2cm, base de tac\u00f3n: 3.5 x 3.5cm Leng\u00fceta: Leng\u00fceta de dise\u00f1o moderno en autentica piel de Ubrique, de vacuno de alta calidad con acabado liso y muy suave al tacto. Se trata de un agua marina, ideal para poder combinar con m\u00faltiples [&hellip;]<\/p>\n","protected":false},"featured_media":3664,"comment_status":"open","ping_status":"closed","template":"","meta":{"_uag_custom_page_level_css":"","_monsterinsights_skip_tracking":false,"_monsterinsights_sitenote_active":false,"_monsterinsights_sitenote_note":"","_monsterinsights_sitenote_category":0,"site-sidebar-layout":"default","site-content-layout":"","ast-site-content-layout":"default","site-content-style":"default","site-sidebar-style":"default","ast-global-header-display":"","ast-banner-title-visibility":"","ast-main-header-display":"","ast-hfb-above-header-display":"","ast-hfb-below-header-display":"","ast-hfb-mobile-header-display":"","site-post-title":"","ast-breadcrumbs-content":"","ast-featured-img":"","footer-sml-layout":"","theme-transparent-header-meta":"default","adv-header-id-meta":"","stick-header-meta":"","header-above-stick-meta":"","header-main-stick-meta":"","header-below-stick-meta":"","astra-migrate-meta-layouts":"set","ast-page-background-enabled":"default","ast-page-background-meta":{"desktop":{"background-color":"var(--ast-global-color-4)","background-image":"","background-repeat":"repeat","background-position":"center center","background-size":"auto","background-attachment":"scroll","background-type":"","background-media":"","overlay-type":"","overlay-color":"","overlay-opacity":"","overlay-gradient":""},"tablet":{"background-color":"","background-image":"","background-repeat":"repeat","background-position":"center center","background-size":"auto","background-attachment":"scroll","background-type":"","background-media":"","overlay-type":"","overlay-color":"","overlay-opacity":"","overlay-gradient":""},"mobile":{"background-color":"","background-image":"","background-repeat":"repeat","background-position":"center center","background-size":"auto","background-attachment":"scroll","background-type":"","background-media":"","overlay-type":"","overlay-color":"","overlay-opacity":"","overlay-gradient":""}},"ast-content-background-meta":{"desktop":{"background-color":"var(--ast-global-color-5)","background-image":"","background-repeat":"repeat","background-position":"center center","background-size":"auto","background-attachment":"scroll","background-type":"","background-media":"","overlay-type":"","overlay-color":"","overlay-opacity":"","overlay-gradient":""},"tablet":{"background-color":"var(--ast-global-color-5)","background-image":"","background-repeat":"repeat","background-position":"center center","background-size":"auto","background-attachment":"scroll","background-type":"","background-media":"","overlay-type":"","overlay-color":"","overlay-opacity":"","overlay-gradient":""},"mobile":{"background-color":"var(--ast-global-color-5)","background-image":"","background-repeat":"repeat","background-position":"center center","background-size":"auto","background-attachment":"scroll","background-type":"","background-media":"","overlay-type":"","overlay-color":"","overlay-opacity":"","overlay-gradient":""}}},"product_brand":[36],"product_cat":[26,64],"product_tag":[52,56,39],"class_list":{"0":"post-3817","1":"product","2":"type-product","3":"status-publish","4":"has-post-thumbnail","6":"product_brand-iconica-coleccion","7":"product_cat-bases","8":"product_cat-lengueta","9":"product_tag-agua-marina","10":"product_tag-bases","11":"product_tag-intercambiable","12":"desktop-align-left","13":"tablet-align-left","14":"mobile-align-left","16":"first","17":"instock","18":"taxable","19":"shipping-taxable","20":"purchasable","21":"product-type-variable"},"uagb_featured_image_src":{"full":["https:\/\/iconicascoleccion.com\/wp-content\/uploads\/2025\/09\/DSC1409-scaled.png",2560,1707,false],"thumbnail":["https:\/\/iconicascoleccion.com\/wp-content\/uploads\/2025\/09\/DSC1409-150x150.png",150,150,true],"medium":["https:\/\/iconicascoleccion.com\/wp-content\/uploads\/2025\/09\/DSC1409-300x200.png",300,200,true],"medium_large":["https:\/\/iconicascoleccion.com\/wp-content\/uploads\/2025\/09\/DSC1409-768x512.png",768,512,true],"large":["https:\/\/iconicascoleccion.com\/wp-content\/uploads\/2025\/09\/DSC1409-1024x683.png",1024,683,true],"1536x1536":["https:\/\/iconicascoleccion.com\/wp-content\/uploads\/2025\/09\/DSC1409-1536x1024.png",1536,1024,true],"2048x2048":["https:\/\/iconicascoleccion.com\/wp-content\/uploads\/2025\/09\/DSC1409-2048x1365.png",2048,1365,true],"woocommerce_thumbnail":["https:\/\/iconicascoleccion.com\/wp-content\/uploads\/2025\/09\/DSC1409-200x200.png",200,200,true],"woocommerce_single":["https:\/\/iconicascoleccion.com\/wp-content\/uploads\/2025\/09\/DSC1409-400x267.png",400,267,true],"woocommerce_gallery_thumbnail":["https:\/\/iconicascoleccion.com\/wp-content\/uploads\/2025\/09\/DSC1409-100x100.png",100,100,true]},"uagb_author_info":{"display_name":"joseignaciolopezh@gmail.com","author_link":"https:\/\/iconicascoleccion.com\/?author=0"},"uagb_comment_info":0,"uagb_excerpt":"Sandalia de tac\u00f3n alto: Tac\u00f3n de 7.5 cm de altura y plataforma de 2cm, base de tac\u00f3n: 3.5 x 3.5cm Leng\u00fceta: Leng\u00fceta de dise\u00f1o moderno en autentica piel de Ubrique, de vacuno de alta calidad con acabado liso y muy suave al tacto. Se trata de un agua marina, ideal para poder combinar con m\u00faltiples&hellip;","_links":{"self":[{"href":"https:\/\/iconicascoleccion.com\/index.php?rest_route=\/wp\/v2\/product\/3817","targetHints":{"allow":["GET"]}}],"collection":[{"href":"https:\/\/iconicascoleccion.com\/index.php?rest_route=\/wp\/v2\/product"}],"about":[{"href":"https:\/\/iconicascoleccion.com\/index.php?rest_route=\/wp\/v2\/types\/product"}],"replies":[{"embeddable":true,"href":"https:\/\/iconicascoleccion.com\/index.php?rest_route=%2Fwp%2Fv2%2Fcomments&post=3817"}],"wp:featuredmedia":[{"embeddable":true,"href":"https:\/\/iconicascoleccion.com\/index.php?rest_route=\/wp\/v2\/media\/3664"}],"wp:attachment":[{"href":"https:\/\/iconicascoleccion.com\/index.php?rest_route=%2Fwp%2Fv2%2Fmedia&parent=3817"}],"wp:term":[{"taxonomy":"product_brand","embeddable":true,"href":"https:\/\/iconicascoleccion.com\/index.php?rest_route=%2Fwp%2Fv2%2Fproduct_brand&post=3817"},{"taxonomy":"product_cat","embeddable":true,"href":"https:\/\/iconicascoleccion.com\/index.php?rest_route=%2Fwp%2Fv2%2Fproduct_cat&post=3817"},{"taxonomy":"product_tag","embeddable":true,"href":"https:\/\/iconicascoleccion.com\/index.php?rest_route=%2Fwp%2Fv2%2Fproduct_tag&post=3817"}],"curies":[{"name":"wp","href":"https:\/\/api.w.org\/{rel}","templated":true}]}}