{"id":3507,"date":"2025-09-09T18:30:10","date_gmt":"2025-09-09T18:30:10","guid":{"rendered":"https:\/\/iconicascoleccion.com\/?post_type=product&#038;p=3507"},"modified":"2025-09-23T16:27:04","modified_gmt":"2025-09-23T16:27:04","slug":"3507","status":"publish","type":"product","link":"https:\/\/iconicascoleccion.com\/?product=3507","title":{"rendered":"Pack dos pares de leng\u00fcetas"},"content":{"rendered":"<p>\u00a1Ll\u00e9vate tus leng\u00fcetas en una oferta especial!<\/p>\n<p>Combina los dos pares de colores de leng\u00fcetas que m\u00e1s te gusten: Azul, Agua Marina, Rojo Carm\u00edn, Coral, Amarillo y Rosa chicle.<\/p>\n<p>&nbsp;<\/p>\n","protected":false},"excerpt":{"rendered":"<p>\u00a1Ll\u00e9vate tus leng\u00fcetas en una oferta especial! Combina los dos pares de colores de leng\u00fcetas que m\u00e1s te gusten: Azul, Agua Marina, Rojo Carm\u00edn, Coral, Amarillo y Rosa chicle. &nbsp;<\/p>\n","protected":false},"featured_media":3505,"comment_status":"open","ping_status":"closed","template":"","meta":{"_uag_custom_page_level_css":"","_monsterinsights_skip_tracking":false,"_monsterinsights_sitenote_active":false,"_monsterinsights_sitenote_note":"","_monsterinsights_sitenote_category":0,"site-sidebar-layout":"default","site-content-layout":"","ast-site-content-layout":"default","site-content-style":"default","site-sidebar-style":"default","ast-global-header-display":"","ast-banner-title-visibility":"","ast-main-header-display":"","ast-hfb-above-header-display":"","ast-hfb-below-header-display":"","ast-hfb-mobile-header-display":"","site-post-title":"","ast-breadcrumbs-content":"","ast-featured-img":"","footer-sml-layout":"","theme-transparent-header-meta":"default","adv-header-id-meta":"","stick-header-meta":"","header-above-stick-meta":"","header-main-stick-meta":"","header-below-stick-meta":"","astra-migrate-meta-layouts":"set","ast-page-background-enabled":"default","ast-page-background-meta":{"desktop":{"background-color":"var(--ast-global-color-4)","background-image":"","background-repeat":"repeat","background-position":"center center","background-size":"auto","background-attachment":"scroll","background-type":"","background-media":"","overlay-type":"","overlay-color":"","overlay-opacity":"","overlay-gradient":""},"tablet":{"background-color":"","background-image":"","background-repeat":"repeat","background-position":"center center","background-size":"auto","background-attachment":"scroll","background-type":"","background-media":"","overlay-type":"","overlay-color":"","overlay-opacity":"","overlay-gradient":""},"mobile":{"background-color":"","background-image":"","background-repeat":"repeat","background-position":"center center","background-size":"auto","background-attachment":"scroll","background-type":"","background-media":"","overlay-type":"","overlay-color":"","overlay-opacity":"","overlay-gradient":""}},"ast-content-background-meta":{"desktop":{"background-color":"var(--ast-global-color-5)","background-image":"","background-repeat":"repeat","background-position":"center center","background-size":"auto","background-attachment":"scroll","background-type":"","background-media":"","overlay-type":"","overlay-color":"","overlay-opacity":"","overlay-gradient":""},"tablet":{"background-color":"var(--ast-global-color-5)","background-image":"","background-repeat":"repeat","background-position":"center center","background-size":"auto","background-attachment":"scroll","background-type":"","background-media":"","overlay-type":"","overlay-color":"","overlay-opacity":"","overlay-gradient":""},"mobile":{"background-color":"var(--ast-global-color-5)","background-image":"","background-repeat":"repeat","background-position":"center center","background-size":"auto","background-attachment":"scroll","background-type":"","background-media":"","overlay-type":"","overlay-color":"","overlay-opacity":"","overlay-gradient":""}}},"product_brand":[36],"product_cat":[64],"product_tag":[],"class_list":{"0":"post-3507","1":"product","2":"type-product","3":"status-publish","4":"has-post-thumbnail","6":"product_brand-iconica-coleccion","7":"product_cat-lengueta","8":"desktop-align-left","9":"tablet-align-left","10":"mobile-align-left","12":"first","13":"instock","14":"taxable","15":"shipping-taxable","16":"purchasable","17":"product-type-variable"},"uagb_featured_image_src":{"full":["https:\/\/iconicascoleccion.com\/wp-content\/uploads\/2025\/09\/06092025-DSC01448-scaled-e1759919465326.jpg",2560,1338,false],"thumbnail":["https:\/\/iconicascoleccion.com\/wp-content\/uploads\/2025\/09\/06092025-DSC01448-scaled-e1759919465326-150x150.jpg",150,150,true],"medium":["https:\/\/iconicascoleccion.com\/wp-content\/uploads\/2025\/09\/06092025-DSC01448-scaled-e1759919465326-300x157.jpg",300,157,true],"medium_large":["https:\/\/iconicascoleccion.com\/wp-content\/uploads\/2025\/09\/06092025-DSC01448-scaled-e1759919465326-768x401.jpg",768,401,true],"large":["https:\/\/iconicascoleccion.com\/wp-content\/uploads\/2025\/09\/06092025-DSC01448-scaled-e1759919465326-1024x535.jpg",1024,535,true],"1536x1536":["https:\/\/iconicascoleccion.com\/wp-content\/uploads\/2025\/09\/06092025-DSC01448-scaled-e1759919465326-1536x803.jpg",1536,803,true],"2048x2048":["https:\/\/iconicascoleccion.com\/wp-content\/uploads\/2025\/09\/06092025-DSC01448-scaled-e1759919465326-2048x1070.jpg",2048,1070,true],"woocommerce_thumbnail":["https:\/\/iconicascoleccion.com\/wp-content\/uploads\/2025\/09\/06092025-DSC01448-scaled-e1759919465326-200x200.jpg",200,200,true],"woocommerce_single":["https:\/\/iconicascoleccion.com\/wp-content\/uploads\/2025\/09\/06092025-DSC01448-scaled-e1759919465326-400x209.jpg",400,209,true],"woocommerce_gallery_thumbnail":["https:\/\/iconicascoleccion.com\/wp-content\/uploads\/2025\/09\/06092025-DSC01448-scaled-e1759919465326-100x100.jpg",100,100,true]},"uagb_author_info":{"display_name":"joseignaciolopezh@gmail.com","author_link":"https:\/\/iconicascoleccion.com\/?author=0"},"uagb_comment_info":0,"uagb_excerpt":"\u00a1Ll\u00e9vate tus leng\u00fcetas en una oferta especial! Combina los dos pares de colores de leng\u00fcetas que m\u00e1s te gusten: Azul, Agua Marina, Rojo Carm\u00edn, Coral, Amarillo y Rosa chicle. &nbsp;","_links":{"self":[{"href":"https:\/\/iconicascoleccion.com\/index.php?rest_route=\/wp\/v2\/product\/3507","targetHints":{"allow":["GET"]}}],"collection":[{"href":"https:\/\/iconicascoleccion.com\/index.php?rest_route=\/wp\/v2\/product"}],"about":[{"href":"https:\/\/iconicascoleccion.com\/index.php?rest_route=\/wp\/v2\/types\/product"}],"replies":[{"embeddable":true,"href":"https:\/\/iconicascoleccion.com\/index.php?rest_route=%2Fwp%2Fv2%2Fcomments&post=3507"}],"wp:featuredmedia":[{"embeddable":true,"href":"https:\/\/iconicascoleccion.com\/index.php?rest_route=\/wp\/v2\/media\/3505"}],"wp:attachment":[{"href":"https:\/\/iconicascoleccion.com\/index.php?rest_route=%2Fwp%2Fv2%2Fmedia&parent=3507"}],"wp:term":[{"taxonomy":"product_brand","embeddable":true,"href":"https:\/\/iconicascoleccion.com\/index.php?rest_route=%2Fwp%2Fv2%2Fproduct_brand&post=3507"},{"taxonomy":"product_cat","embeddable":true,"href":"https:\/\/iconicascoleccion.com\/index.php?rest_route=%2Fwp%2Fv2%2Fproduct_cat&post=3507"},{"taxonomy":"product_tag","embeddable":true,"href":"https:\/\/iconicascoleccion.com\/index.php?rest_route=%2Fwp%2Fv2%2Fproduct_tag&post=3507"}],"curies":[{"name":"wp","href":"https:\/\/api.w.org\/{rel}","templated":true}]}}