{"id":1009,"date":"2025-08-04T13:52:03","date_gmt":"2025-08-04T13:52:03","guid":{"rendered":"https:\/\/iconicascoleccion.com\/about\/"},"modified":"2025-09-18T18:35:47","modified_gmt":"2025-09-18T18:35:47","slug":"sobre-nootros","status":"publish","type":"page","link":"https:\/\/iconicascoleccion.com\/?page_id=1009","title":{"rendered":"Sobre nosotros"},"content":{"rendered":"\n<div class=\"wp-block-uagb-container uagb-block-75e8747a alignfull uagb-is-root-container\"><div class=\"uagb-container-inner-blocks-wrap\">\n<div class=\"wp-block-uagb-advanced-heading uagb-block-9b9be170\"><h1 class=\"uagb-heading-text\">Con\u00f3cenos<\/h1><\/div>\n\n\n\n<div class=\"wp-block-columns is-layout-flex wp-container-core-columns-is-layout-28f84493 wp-block-columns-is-layout-flex\">\n<div class=\"wp-block-column is-layout-flow wp-block-column-is-layout-flow\" style=\"flex-basis:100%\">\n<div class=\"wp-block-uagb-container uagb-block-6702ae20 alignfull uagb-is-root-container\"><div class=\"uagb-container-inner-blocks-wrap\">\n<div class=\"wp-block-uagb-container uagb-block-c09b5596\">\n<div class=\"wp-block-uagb-image uagb-block-bb503963 wp-block-uagb-image--layout-default wp-block-uagb-image--effect-static wp-block-uagb-image--align-none\"><figure class=\"wp-block-uagb-image__figure\"><img decoding=\"async\" srcset=\"https:\/\/iconicascoleccion.com\/wp-content\/uploads\/2025\/09\/WhatsApp-Image-2025-09-16-at-19.40.31-e1758044579913.jpeg ,https:\/\/iconicascoleccion.com\/wp-content\/uploads\/2025\/09\/WhatsApp-Image-2025-09-16-at-19.40.31-e1758044579913.jpeg 780w, https:\/\/iconicascoleccion.com\/wp-content\/uploads\/2025\/09\/WhatsApp-Image-2025-09-16-at-19.40.31-e1758044579913.jpeg 360w\" sizes=\"auto, (max-width: 480px) 150px\" src=\"https:\/\/iconicascoleccion.com\/wp-content\/uploads\/2025\/09\/WhatsApp-Image-2025-09-16-at-19.40.31-e1758044579913.jpeg\" alt=\"whatsapp image 2025 09 16 at 19.40.31\" class=\"uag-image-3892\" width=\"680\" height=\"631\" title=\"whatsapp image 2025 09 16 at 19.40.31\" loading=\"lazy\" role=\"img\"\/><\/figure><\/div>\n\n\n\n<div class=\"wp-block-uagb-advanced-heading uagb-block-3e9c7a73\"><h4 class=\"uagb-heading-text\">\u00c1ngela.<\/h4><p class=\"uagb-desc-text\">Dise\u00f1adora de Ic\u00f3nicas Colecci\u00f3n.<\/p><\/div>\n\n\n\n<div class=\"wp-block-uagb-social-share uagb-social-share__outer-wrap uagb-social-share__layout-horizontal uagb-block-8123f0a8\">\n<div class=\"wp-block-uagb-social-share-child uagb-ss-repeater uagb-ss__wrapper uagb-block-cf657c8d\"><span class=\"uagb-ss__link\" data-href=\"https:\/\/www.facebook.com\/sharer.php?u=\" tabindex=\"0\" role=\"button\" aria-label=\"facebook\"><span class=\"uagb-ss__source-wrap\"><span class=\"uagb-ss__source-icon\"><svg xmlns=\"https:\/\/www.w3.org\/2000\/svg\" viewBox=\"0 0 512 512\"><path d=\"M504 256C504 119 393 8 256 8S8 119 8 256c0 123.8 90.69 226.4 209.3 245V327.7h-63V256h63v-54.64c0-62.15 37-96.48 93.67-96.48 27.14 0 55.52 4.84 55.52 4.84v61h-31.28c-30.8 0-40.41 19.12-40.41 38.73V256h68.78l-11 71.69h-57.78V501C413.3 482.4 504 379.8 504 256z\"><\/path><\/svg><\/span><\/span><\/span><\/div>\n\n\n\n<div class=\"wp-block-uagb-social-share-child uagb-ss-repeater uagb-ss__wrapper uagb-block-909431ce\"><span class=\"uagb-ss__link\" data-href=\"https:\/\/api.whatsapp.com\/send?text=\" tabindex=\"0\" role=\"button\" aria-label=\"whatsapp\"><span class=\"uagb-ss__source-wrap\"><\/span><\/span><\/div>\n\n\n\n<div class=\"wp-block-uagb-social-share-child uagb-ss-repeater uagb-ss__wrapper uagb-block-7b8d19e0\"><span class=\"uagb-ss__link\" data-href=\"mailto:?body=\" tabindex=\"0\" role=\"button\" aria-label=\"email\"><span class=\"uagb-ss__source-wrap\"><span class=\"uagb-ss__source-icon\"><svg xmlns=\"https:\/\/www.w3.org\/2000\/svg\" viewBox=\"0 0 512 512\"><path d=\"M464 64C490.5 64 512 85.49 512 112C512 127.1 504.9 141.3 492.8 150.4L275.2 313.6C263.8 322.1 248.2 322.1 236.8 313.6L19.2 150.4C7.113 141.3 0 127.1 0 112C0 85.49 21.49 64 48 64H464zM217.6 339.2C240.4 356.3 271.6 356.3 294.4 339.2L512 176V384C512 419.3 483.3 448 448 448H64C28.65 448 0 419.3 0 384V176L217.6 339.2z\"><\/path><\/svg><\/span><\/span><\/span><\/div>\n<\/div>\n<\/div>\n\n\n\n<div class=\"wp-block-uagb-container uagb-block-64b599c0\">\n<div class=\"wp-block-uagb-advanced-heading uagb-block-e4a5a311\"><div class=\"uagb-heading-text\">Ic\u00f3nicas Colecci\u00f3n S.L<\/div><\/div>\n\n\n\n<div class=\"wp-block-uagb-advanced-heading uagb-block-f4a55cc4\"><p class=\"uagb-heading-text\"><br>Hola, soy \u00c1ngela y s\u00ed, soy la culpable de todo esto.<br>Cansada de comprar sandalias que me hac\u00edan da\u00f1o, se resbalaban o terminaban olvidadas en el armario, decid\u00ed crear las m\u00edas. Y as\u00ed naci\u00f3 IC\u00d3NICAS: despu\u00e9s de a\u00f1os de pruebas, viajes y muchas risas (y alg\u00fan que otro tropiezo), consegu\u00ed unas sandalias c\u00f3modas, hechas en Espa\u00f1a, que se transforman en segundos, gracias a sus leng\u00fcetas intercambiables.<br>Con una sola base tengo infinitos estilos. Es divertido, pr\u00e1ctico y la cara de sorpresa de la gente cuando ve el cambio no tiene precio<\/p><\/div>\n\n\n\n<p><br>Mi filosof\u00eda<br>Creo que la moda puede ser consciente, pr\u00e1ctica y divertida. Por eso nuestras sandalias se hacen a mano, con materiales ecol\u00f3gicos y pensados para durar.<br>La idea es simple: comprar menos, disfrutar m\u00e1s y reinventar tu estilo cada d\u00eda. No son solo sandalias, son una forma de caminar m\u00e1s c\u00f3moda, m\u00e1s ligera y, sobre todo, m\u00e1s tuya.<\/p>\n<\/div>\n<\/div><\/div>\n<\/div>\n<\/div>\n<\/div><\/div>\n\n\n\n<div class=\"wp-block-uagb-container uagb-layout-grid uagb-block-1bc46db7 alignfull uagb-is-root-container\"><div class=\"uagb-container-inner-blocks-wrap\">\n<div class=\"wp-block-uagb-advanced-heading uagb-block-00d44d69\"><\/div>\n\n\n\n<div class=\"wp-block-uagb-advanced-heading uagb-block-b4e2ef10\"><\/div>\n<\/div><\/div>\n\n\n<p><!-- \/wp:post-content --><br \/>\n<!-- wp:uagb\/container {\"block_id\":\"0fce9a82\",\"justifyContentDesktop\":\"flex-start\",\"backgroundSizeTablet\":\"cover\",\"backgroundSizeMobile\":\"cover\",\"backgroundColor\":\"\",\"borderStyle\":\"\",\"topPaddingDesktop\":0,\"bottomPaddingDesktop\":80,\"leftPaddingDesktop\":40,\"rightPaddingDesktop\":40,\"topPaddingTablet\":32,\"bottomPaddingTablet\":32,\"leftPaddingTablet\":32,\"rightPaddingTablet\":32,\"topPaddingMobile\":0,\"bottomPaddingMobile\":48,\"leftPaddingMobile\":20,\"rightPaddingMobile\":20,\"paddingLink\":false,\"topMarginDesktop\":96,\"bottomMarginDesktop\":0,\"leftMarginDesktop\":0,\"rightMarginDesktop\":0,\"topMarginTablet\":96,\"bottomMarginTablet\":0,\"leftMarginTablet\":0,\"rightMarginTablet\":0,\"topMarginMobile\":48,\"bottomMarginMobile\":0,\"leftMarginMobile\":0,\"rightMarginMobile\":0,\"marginLink\":false,\"variationSelected\":true,\"rowGapDesktop\":40,\"isBlockRootParent\":true} --><br \/>\n<!-- wp:uagb\/advanced-heading {\"block_id\":\"a0d7de27\",\"classMigrate\":true,\"headingDescToggle\":false,\"headingAlignMobile\":\"left\",\"headSpace\":0,\"headFontSize\":90,\"headFontSizeTablet\":72,\"headFontSizeMobile\":36,\"headLineHeight\":1,\"blockTopPadding\":0,\"blockRightPadding\":0,\"blockLeftPadding\":0,\"blockBottomPadding\":20,\"blockTopPaddingMobile\":0,\"blockRightPaddingMobile\":24,\"blockLeftPaddingMobile\":0,\"blockBottomPaddingMobile\":0,\"blockTopMargin\":-72,\"blockRightMargin\":0,\"blockLeftMargin\":0,\"blockBottomMargin\":0,\"blockTopMarginTablet\":-72,\"blockRightMarginTablet\":0,\"blockLeftMarginTablet\":0,\"blockBottomMarginTablet\":0,\"blockTopMarginMobile\":-24,\"blockRightMarginMobile\":0,\"blockLeftMarginMobile\":0,\"blockBottomMarginMobile\":0,\"zIndex\":2} --><\/p>\n<p><!-- \/wp:uagb\/advanced-heading --><br \/>\n<!-- wp:uagb\/info-box {\"classMigrate\":true,\"headingAlign\":\"left\",\"headingAlignTablet\":\"left\",\"headingAlignMobile\":\"left\",\"headingColor\":\"\",\"icon\":\"truck-fast\",\"iconSize\":24,\"iconColor\":\"var(u002du002dast-global-color-0)\",\"headingTag\":\"h6\",\"headTransform\":\"uppercase\",\"headLetterSpacing\":2,\"subHeadFontSize\":13,\"headSpace\":5,\"subHeadSpace\":0,\"block_id\":\"2dbba7ab\",\"ctaBorderColor\":\"\",\"ctaBorderStyle\":\"\",\"paddingBtnTop\":10,\"paddingBtnBottom\":10,\"paddingBtnLeft\":14,\"paddingBtnRight\":14,\"headTopMargin\":10,\"headRightMargin\":0,\"headLeftMargin\":0,\"subHeadTopMargin\":0,\"subHeadRightMargin\":0,\"subHeadLeftMargin\":0,\"btnBorderTopWidth\":1,\"btnBorderLeftWidth\":1,\"btnBorderRightWidth\":1,\"btnBorderBottomWidth\":1,\"btnBorderTopLeftRadius\":0,\"btnBorderTopRightRadius\":0,\"btnBorderBottomLeftRadius\":0,\"btnBorderBottomRightRadius\":0,\"btnBorderStyle\":\"solid\",\"btnBorderColor\":\"#333\"} --><\/p>\n<p><!-- \/wp:uagb\/info-box --><br \/>\n<!-- \/wp:uagb\/container --><\/p>","protected":false},"excerpt":{"rendered":"<p>Con\u00f3cenos \u00c1ngela. Dise\u00f1adora de Ic\u00f3nicas Colecci\u00f3n. Ic\u00f3nicas Colecci\u00f3n S.L Hola, soy \u00c1ngela y s\u00ed, soy la culpable de todo esto.Cansada de comprar sandalias que me hac\u00edan da\u00f1o, se resbalaban o terminaban olvidadas en el armario, decid\u00ed crear las m\u00edas. Y as\u00ed naci\u00f3 IC\u00d3NICAS: despu\u00e9s de a\u00f1os de pruebas, viajes y muchas risas (y alg\u00fan que [&hellip;]<\/p>\n","protected":false},"author":1,"featured_media":0,"parent":0,"menu_order":0,"comment_status":"closed","ping_status":"closed","template":"","meta":{"_uag_custom_page_level_css":"","_monsterinsights_skip_tracking":false,"_monsterinsights_sitenote_active":false,"_monsterinsights_sitenote_note":"","_monsterinsights_sitenote_category":0,"site-sidebar-layout":"no-sidebar","site-content-layout":"page-builder","ast-site-content-layout":"full-width-container","site-content-style":"unboxed","site-sidebar-style":"unboxed","ast-global-header-display":"","ast-banner-title-visibility":"","ast-main-header-display":"","ast-hfb-above-header-display":"","ast-hfb-below-header-display":"","ast-hfb-mobile-header-display":"","site-post-title":"disabled","ast-breadcrumbs-content":"","ast-featured-img":"disabled","footer-sml-layout":"","theme-transparent-header-meta":"default","adv-header-id-meta":"","stick-header-meta":"","header-above-stick-meta":"","header-main-stick-meta":"","header-below-stick-meta":"","astra-migrate-meta-layouts":"set","ast-page-background-enabled":"default","ast-page-background-meta":{"desktop":{"background-color":"var(--ast-global-color-4)","background-image":"","background-repeat":"repeat","background-position":"center center","background-size":"auto","background-attachment":"scroll","background-type":"","background-media":"","overlay-type":"","overlay-color":"","overlay-opacity":"","overlay-gradient":""},"tablet":{"background-color":"","background-image":"","background-repeat":"repeat","background-position":"center center","background-size":"auto","background-attachment":"scroll","background-type":"","background-media":"","overlay-type":"","overlay-color":"","overlay-opacity":"","overlay-gradient":""},"mobile":{"background-color":"","background-image":"","background-repeat":"repeat","background-position":"center center","background-size":"auto","background-attachment":"scroll","background-type":"","background-media":"","overlay-type":"","overlay-color":"","overlay-opacity":"","overlay-gradient":""}},"ast-content-background-meta":{"desktop":{"background-color":"var(--ast-global-color-5)","background-image":"","background-repeat":"repeat","background-position":"center center","background-size":"auto","background-attachment":"scroll","background-type":"","background-media":"","overlay-type":"","overlay-color":"","overlay-opacity":"","overlay-gradient":""},"tablet":{"background-color":"var(--ast-global-color-5)","background-image":"","background-repeat":"repeat","background-position":"center center","background-size":"auto","background-attachment":"scroll","background-type":"","background-media":"","overlay-type":"","overlay-color":"","overlay-opacity":"","overlay-gradient":""},"mobile":{"background-color":"var(--ast-global-color-5)","background-image":"","background-repeat":"repeat","background-position":"center center","background-size":"auto","background-attachment":"scroll","background-type":"","background-media":"","overlay-type":"","overlay-color":"","overlay-opacity":"","overlay-gradient":""}},"footnotes":""},"class_list":["post-1009","page","type-page","status-publish","hentry"],"uagb_featured_image_src":{"full":false,"thumbnail":false,"medium":false,"medium_large":false,"large":false,"1536x1536":false,"2048x2048":false,"woocommerce_thumbnail":false,"woocommerce_single":false,"woocommerce_gallery_thumbnail":false},"uagb_author_info":{"display_name":"joseignaciolopezh@gmail.com","author_link":"https:\/\/iconicascoleccion.com\/?author=1"},"uagb_comment_info":0,"uagb_excerpt":"Con\u00f3cenos \u00c1ngela. Dise\u00f1adora de Ic\u00f3nicas Colecci\u00f3n. Ic\u00f3nicas Colecci\u00f3n S.L Hola, soy \u00c1ngela y s\u00ed, soy la culpable de todo esto.Cansada de comprar sandalias que me hac\u00edan da\u00f1o, se resbalaban o terminaban olvidadas en el armario, decid\u00ed crear las m\u00edas. Y as\u00ed naci\u00f3 IC\u00d3NICAS: despu\u00e9s de a\u00f1os de pruebas, viajes y muchas risas (y alg\u00fan que&hellip;","_links":{"self":[{"href":"https:\/\/iconicascoleccion.com\/index.php?rest_route=\/wp\/v2\/pages\/1009","targetHints":{"allow":["GET"]}}],"collection":[{"href":"https:\/\/iconicascoleccion.com\/index.php?rest_route=\/wp\/v2\/pages"}],"about":[{"href":"https:\/\/iconicascoleccion.com\/index.php?rest_route=\/wp\/v2\/types\/page"}],"author":[{"embeddable":true,"href":"https:\/\/iconicascoleccion.com\/index.php?rest_route=\/wp\/v2\/users\/1"}],"replies":[{"embeddable":true,"href":"https:\/\/iconicascoleccion.com\/index.php?rest_route=%2Fwp%2Fv2%2Fcomments&post=1009"}],"version-history":[{"count":29,"href":"https:\/\/iconicascoleccion.com\/index.php?rest_route=\/wp\/v2\/pages\/1009\/revisions"}],"predecessor-version":[{"id":3962,"href":"https:\/\/iconicascoleccion.com\/index.php?rest_route=\/wp\/v2\/pages\/1009\/revisions\/3962"}],"wp:attachment":[{"href":"https:\/\/iconicascoleccion.com\/index.php?rest_route=%2Fwp%2Fv2%2Fmedia&parent=1009"}],"curies":[{"name":"wp","href":"https:\/\/api.w.org\/{rel}","templated":true}]}}